{"id":3030,"date":"2022-12-22T00:20:32","date_gmt":"2022-12-21T23:20:32","guid":{"rendered":"http:\/\/www.museuro.eu\/?page_id=3030"},"modified":"2023-02-07T14:33:03","modified_gmt":"2023-02-07T13:33:03","slug":"pompeii-2","status":"publish","type":"page","link":"http:\/\/www.museuro.eu\/en\/pompeii-2\/","title":{"rendered":"Pompeii the immortal city"},"content":{"rendered":"<div data-elementor-type=\"wp-page\" data-elementor-id=\"3030\" class=\"elementor elementor-3030\">\n\t\t\t\t\t\t<section class=\"elementor-section elementor-top-section elementor-element elementor-element-2f1a89e elementor-section-height-min-height elementor-section-boxed elementor-section-height-default elementor-section-items-middle\" data-id=\"2f1a89e\" data-element_type=\"section\" data-settings=\"{&quot;background_background&quot;:&quot;classic&quot;}\">\n\t\t\t\t\t\t\t<div class=\"elementor-background-overlay\"><\/div>\n\t\t\t\t\t\t\t<div class=\"elementor-container elementor-column-gap-default\">\n\t\t\t\t\t<div class=\"elementor-column elementor-col-100 elementor-top-column elementor-element elementor-element-b5a30dc\" data-id=\"b5a30dc\" data-element_type=\"column\">\n\t\t\t<div class=\"elementor-widget-wrap elementor-element-populated\">\n\t\t\t\t\t\t<div class=\"elementor-element elementor-element-824c531 elementor-widget elementor-widget-heading\" data-id=\"824c531\" data-element_type=\"widget\" data-widget_type=\"heading.default\">\n\t\t\t\t<div class=\"elementor-widget-container\">\n\t\t\t<h1 class=\"elementor-heading-title elementor-size-default\">POMPEII<\/h1>\t\t<\/div>\n\t\t\t\t<\/div>\n\t\t\t\t<div class=\"elementor-element elementor-element-a6552fa elementor-widget elementor-widget-heading\" data-id=\"a6552fa\" data-element_type=\"widget\" data-widget_type=\"heading.default\">\n\t\t\t\t<div class=\"elementor-widget-container\">\n\t\t\t<h2 class=\"elementor-heading-title elementor-size-default\">the immortal city<\/h2>\t\t<\/div>\n\t\t\t\t<\/div>\n\t\t\t\t\t<\/div>\n\t\t<\/div>\n\t\t\t\t\t<\/div>\n\t\t<\/section>\n\t\t\t\t<section class=\"elementor-section elementor-top-section elementor-element elementor-element-d8ca843 elementor-section-boxed elementor-section-height-default elementor-section-height-default\" data-id=\"d8ca843\" data-element_type=\"section\" data-settings=\"{&quot;background_background&quot;:&quot;classic&quot;}\">\n\t\t\t\t\t\t<div class=\"elementor-container elementor-column-gap-default\">\n\t\t\t\t\t<div class=\"elementor-column elementor-col-100 elementor-top-column elementor-element elementor-element-21b74b1\" data-id=\"21b74b1\" data-element_type=\"column\">\n\t\t\t<div class=\"elementor-widget-wrap elementor-element-populated\">\n\t\t\t\t\t\t<div class=\"elementor-element elementor-element-71df0d1 elementor-widget elementor-widget-spacer\" data-id=\"71df0d1\" data-element_type=\"widget\" data-widget_type=\"spacer.default\">\n\t\t\t\t<div class=\"elementor-widget-container\">\n\t\t\t\t\t<div class=\"elementor-spacer\">\n\t\t\t<div class=\"elementor-spacer-inner\"><\/div>\n\t\t<\/div>\n\t\t\t\t<\/div>\n\t\t\t\t<\/div>\n\t\t\t\t\t<\/div>\n\t\t<\/div>\n\t\t\t\t\t<\/div>\n\t\t<\/section>\n\t\t\t\t<section class=\"elementor-section elementor-top-section elementor-element elementor-element-f1f64af elementor-section-boxed elementor-section-height-default elementor-section-height-default\" data-id=\"f1f64af\" data-element_type=\"section\" data-settings=\"{&quot;background_background&quot;:&quot;classic&quot;}\">\n\t\t\t\t\t\t<div class=\"elementor-container elementor-column-gap-default\">\n\t\t\t\t\t<div class=\"elementor-column elementor-col-50 elementor-top-column elementor-element elementor-element-a480855\" data-id=\"a480855\" data-element_type=\"column\">\n\t\t\t<div class=\"elementor-widget-wrap elementor-element-populated\">\n\t\t\t\t\t\t<div class=\"elementor-element elementor-element-425e831 elementor-widget elementor-widget-image\" data-id=\"425e831\" data-element_type=\"widget\" data-widget_type=\"image.default\">\n\t\t\t\t<div class=\"elementor-widget-container\">\n\t\t\t\t\t\t\t\t\t\t\t\t\t<img fetchpriority=\"high\" decoding=\"async\" width=\"800\" height=\"533\" src=\"https:\/\/www.museuro.eu\/wp-content\/uploads\/2023\/01\/0205_pompei_media_0050.jpg\" class=\"attachment-large size-large wp-image-3219\" alt=\"\" srcset=\"https:\/\/www.museuro.eu\/wp-content\/uploads\/2023\/01\/0205_pompei_media_0050.jpg 800w, https:\/\/www.museuro.eu\/wp-content\/uploads\/2023\/01\/0205_pompei_media_0050-300x200.jpg 300w, https:\/\/www.museuro.eu\/wp-content\/uploads\/2023\/01\/0205_pompei_media_0050-768x512.jpg 768w, https:\/\/www.museuro.eu\/wp-content\/uploads\/2023\/01\/0205_pompei_media_0050-18x12.jpg 18w\" sizes=\"(max-width: 800px) 100vw, 800px\" \/>\t\t\t\t\t\t\t\t\t\t\t\t\t<\/div>\n\t\t\t\t<\/div>\n\t\t\t\t\t<\/div>\n\t\t<\/div>\n\t\t\t\t<div class=\"elementor-column elementor-col-50 elementor-top-column elementor-element elementor-element-ac1c73f\" data-id=\"ac1c73f\" data-element_type=\"column\">\n\t\t\t<div class=\"elementor-widget-wrap elementor-element-populated\">\n\t\t\t\t\t\t<div class=\"elementor-element elementor-element-9db6316 elementor-widget elementor-widget-text-editor\" data-id=\"9db6316\" data-element_type=\"widget\" data-widget_type=\"text-editor.default\">\n\t\t\t\t<div class=\"elementor-widget-container\">\n\t\t\t\t\t\t\t<p>Lanc\u00e9e \u00e0 Bruxelles au Palais de la Bourse en 2017, l&rsquo;exposition <em>Pompeii. The Immortal City<\/em> plonge les visiteurs au c\u0153ur du drame et des ruines de la cit\u00e9 antique.\u00a0<span style=\"font-family: var( --e-global-typography-text-font-family ), Sans-serif; font-weight: var( --e-global-typography-text-font-weight );\">Cette exp\u00e9rience immersive unique permet aux visiteurs de retourner dans le pass\u00e9 pour vivre la destruction de la cit\u00e9 et d\u00e9couvrir la vie quotidienne des habitants de l&rsquo;\u00e9poque.<br \/><\/span><span style=\"font-family: var( --e-global-typography-text-font-family ), Sans-serif; font-weight: var( --e-global-typography-text-font-weight );\">Elle rassemble des visions 3D, des reconstitutions de machines et de nombreux objets pr\u00eat\u00e9s par des mus\u00e9es italiens prestigieux : Mus\u00e9e National Arch\u00e9ologique de Naples, le Mus\u00e9e de la Civilisation Romaine de Rome, le Mus\u00e9e Historique National de l&rsquo;Art de la Sant\u00e9, le Parc Arch\u00e9ologique de Pomp\u00e9i et l&rsquo;Opera Laboratori Fiorentini de Florence.<\/span><\/p><p><span style=\"font-family: var( --e-global-typography-text-font-family ), Sans-serif; font-weight: var( --e-global-typography-text-font-weight );\">Les visiteurs sont accompagn\u00e9s tout au long du parcours par une famille pomp\u00e9ienne qui vit au temps de la catastrophe : Calus, Rectina, Lucius, Caius Cuspius Pensa et Diphile.<\/span><\/p>\t\t\t\t\t\t<\/div>\n\t\t\t\t<\/div>\n\t\t\t\t\t<\/div>\n\t\t<\/div>\n\t\t\t\t\t<\/div>\n\t\t<\/section>\n\t\t\t\t<section class=\"elementor-section elementor-top-section elementor-element elementor-element-a9fb3e8 elementor-section-boxed elementor-section-height-default elementor-section-height-default\" data-id=\"a9fb3e8\" data-element_type=\"section\" data-settings=\"{&quot;background_background&quot;:&quot;classic&quot;}\">\n\t\t\t\t\t\t<div class=\"elementor-container elementor-column-gap-default\">\n\t\t\t\t\t<div class=\"elementor-column elementor-col-100 elementor-top-column elementor-element elementor-element-a85f36e\" data-id=\"a85f36e\" data-element_type=\"column\">\n\t\t\t<div class=\"elementor-widget-wrap elementor-element-populated\">\n\t\t\t\t\t\t<div class=\"elementor-element elementor-element-726b874 elementor-widget elementor-widget-text-editor\" data-id=\"726b874\" data-element_type=\"widget\" data-widget_type=\"text-editor.default\">\n\t\t\t\t<div class=\"elementor-widget-container\">\n\t\t\t\t\t\t\t<p>Pens\u00e9e par Tempora aux c\u00f4t\u00e9s du Mus\u00e9e Galileo et du Groupe Civita pour \u00eatre pr\u00e9sent\u00e9e dans diff\u00e9rents lieux, ce projet sur la Cit\u00e9 immortelle est l&rsquo;exemple parfait d&rsquo;une exposition itin\u00e9rante. Elle est d&rsquo;envergure internationale.<br \/><span style=\"font-family: var( --e-global-typography-text-font-family ), Sans-serif; font-weight: var( --e-global-typography-text-font-weight );\">Cette derni\u00e8re, au d\u00e9part localis\u00e9e en Europe \u00e0 Bruxelles, a travers\u00e9 l&rsquo;Atlantique pour toucher les publics nord-am\u00e9ricains dans 3 lieux culturels diff\u00e9rents : le Science Museum of Virginia (Richmond), le Northwest Museum of Arts and Culture (Spokane) et l&rsquo;Orlando Science Center (Orlando).\u00a0<\/span><\/p><p><span style=\"font-family: var( --e-global-typography-text-font-family ), Sans-serif; font-weight: var( --e-global-typography-text-font-weight );\">Depuis le 18 novembre 2021 et jusqu&rsquo;au 11 septembre 2022, Pompeii. The Immortal City \u00e9tend son public \u00e0 Qu\u00e9bec au Canada et poursuit sa tourn\u00e9e pour retourner aux Etats-Unis \u00e0 New York dans le Liberty Science Center.<\/span><\/p>\t\t\t\t\t\t<\/div>\n\t\t\t\t<\/div>\n\t\t\t\t<section class=\"elementor-section elementor-inner-section elementor-element elementor-element-048d00f elementor-section-boxed elementor-section-height-default elementor-section-height-default\" data-id=\"048d00f\" data-element_type=\"section\">\n\t\t\t\t\t\t<div class=\"elementor-container elementor-column-gap-default\">\n\t\t\t\t\t<div class=\"elementor-column elementor-col-50 elementor-inner-column elementor-element elementor-element-ace832e\" data-id=\"ace832e\" data-element_type=\"column\">\n\t\t\t<div class=\"elementor-widget-wrap elementor-element-populated\">\n\t\t\t\t\t\t<div class=\"elementor-element elementor-element-8e7791d elementor-widget elementor-widget-spacer\" data-id=\"8e7791d\" data-element_type=\"widget\" data-widget_type=\"spacer.default\">\n\t\t\t\t<div class=\"elementor-widget-container\">\n\t\t\t\t\t<div class=\"elementor-spacer\">\n\t\t\t<div class=\"elementor-spacer-inner\"><\/div>\n\t\t<\/div>\n\t\t\t\t<\/div>\n\t\t\t\t<\/div>\n\t\t\t\t<div class=\"elementor-element elementor-element-0c4d68a elementor-widget elementor-widget-heading\" data-id=\"0c4d68a\" data-element_type=\"widget\" data-widget_type=\"heading.default\">\n\t\t\t\t<div class=\"elementor-widget-container\">\n\t\t\t<h2 class=\"elementor-heading-title elementor-size-default\">MUS\u00c9ES ET INSTITUTIONS PR\u00caTEUSES<\/h2>\t\t<\/div>\n\t\t\t\t<\/div>\n\t\t\t\t<div class=\"elementor-element elementor-element-734df83 elementor-widget elementor-widget-text-editor\" data-id=\"734df83\" data-element_type=\"widget\" data-widget_type=\"text-editor.default\">\n\t\t\t\t<div class=\"elementor-widget-container\">\n\t\t\t\t\t\t\t<p>Mus\u00e9e National d&rsquo;Arch\u00e9ologie de Naples, Mus\u00e9e de la civilisation romaine (Rome), Mus\u00e9e historique national de l&rsquo;art de la sant\u00e9 (Rome), Parc arch\u00e9ologique de Pomp\u00e9i, Opera Laboratori Fiorentini (Florence)<\/p>\t\t\t\t\t\t<\/div>\n\t\t\t\t<\/div>\n\t\t\t\t\t<\/div>\n\t\t<\/div>\n\t\t\t\t<div class=\"elementor-column elementor-col-50 elementor-inner-column elementor-element elementor-element-fde37c8\" data-id=\"fde37c8\" data-element_type=\"column\">\n\t\t\t<div class=\"elementor-widget-wrap elementor-element-populated\">\n\t\t\t\t\t\t<div class=\"elementor-element elementor-element-1d6dc90 elementor-widget elementor-widget-image\" data-id=\"1d6dc90\" data-element_type=\"widget\" data-widget_type=\"image.default\">\n\t\t\t\t<div class=\"elementor-widget-container\">\n\t\t\t\t\t\t\t\t\t\t\t\t\t<img decoding=\"async\" width=\"768\" height=\"512\" src=\"https:\/\/www.museuro.eu\/wp-content\/uploads\/2023\/01\/0205_pompei_media_0046-768x512.jpg\" class=\"attachment-medium_large size-medium_large wp-image-3241\" alt=\"\" srcset=\"https:\/\/www.museuro.eu\/wp-content\/uploads\/2023\/01\/0205_pompei_media_0046-768x512.jpg 768w, https:\/\/www.museuro.eu\/wp-content\/uploads\/2023\/01\/0205_pompei_media_0046-300x200.jpg 300w, https:\/\/www.museuro.eu\/wp-content\/uploads\/2023\/01\/0205_pompei_media_0046-18x12.jpg 18w, https:\/\/www.museuro.eu\/wp-content\/uploads\/2023\/01\/0205_pompei_media_0046.jpg 800w\" sizes=\"(max-width: 768px) 100vw, 768px\" \/>\t\t\t\t\t\t\t\t\t\t\t\t\t<\/div>\n\t\t\t\t<\/div>\n\t\t\t\t\t<\/div>\n\t\t<\/div>\n\t\t\t\t\t<\/div>\n\t\t<\/section>\n\t\t\t\t<div class=\"elementor-element elementor-element-94f7172 elementor-widget elementor-widget-spacer\" data-id=\"94f7172\" data-element_type=\"widget\" data-widget_type=\"spacer.default\">\n\t\t\t\t<div class=\"elementor-widget-container\">\n\t\t\t\t\t<div class=\"elementor-spacer\">\n\t\t\t<div class=\"elementor-spacer-inner\"><\/div>\n\t\t<\/div>\n\t\t\t\t<\/div>\n\t\t\t\t<\/div>\n\t\t\t\t\t<\/div>\n\t\t<\/div>\n\t\t\t\t\t<\/div>\n\t\t<\/section>\n\t\t\t\t<\/div>","protected":false},"excerpt":{"rendered":"<p>POMPEII the immortal city Lanc\u00e9e \u00e0 Bruxelles au Palais de la Bourse en 2017, l&rsquo;exposition Pompeii. The Immortal City plonge les visiteurs au c\u0153ur du drame et des ruines de la cit\u00e9 antique.\u00a0Cette exp\u00e9rience immersive unique permet aux visiteurs de retourner dans le pass\u00e9 pour vivre la destruction de la cit\u00e9 et d\u00e9couvrir la vie&hellip;&nbsp;<a href=\"http:\/\/www.museuro.eu\/en\/pompeii-2\/\" rel=\"bookmark\">Read More &raquo;<span class=\"screen-reader-text\">Pompeii the immortal city<\/span><\/a><\/p>","protected":false},"author":3,"featured_media":0,"parent":0,"menu_order":0,"comment_status":"closed","ping_status":"closed","template":"page-templates\/template-pagebuilder-full-width.php","meta":{"neve_meta_sidebar":"full-width","neve_meta_container":"","neve_meta_enable_content_width":"on","neve_meta_content_width":100,"neve_meta_title_alignment":"","neve_meta_author_avatar":"","neve_post_elements_order":"","neve_meta_disable_header":"","neve_meta_disable_footer":"","neve_meta_disable_title":"","footnotes":""},"class_list":["post-3030","page","type-page","status-publish","hentry"],"yoast_head":"<!-- This site is optimized with the Yoast SEO plugin v24.0 - https:\/\/yoast.com\/wordpress\/plugins\/seo\/ -->\n<title>Pompeii the immortal city - Mus\u00e9e de L&#039;Europe<\/title>\n<meta name=\"description\" content=\"l\u2019exposition Pompeii. The Immortal City plonge les visiteurs au c\u0153ur du drame et des ruines de la cit\u00e9 antique. Cette exp\u00e9rience immersive unique permet aux visiteurs de retourner dans le pass\u00e9 pour vivre la destruction de la cit\u00e9 et d\u00e9couvrir la vie quotidienne des habitants de l\u2019\u00e9poque.\" \/>\n<meta name=\"robots\" content=\"index, follow, max-snippet:-1, max-image-preview:large, max-video-preview:-1\" \/>\n<link rel=\"canonical\" href=\"https:\/\/www.museuro.eu\/en\/pompeii-2\/\" \/>\n<meta property=\"og:locale\" content=\"en_GB\" \/>\n<meta property=\"og:type\" content=\"article\" \/>\n<meta property=\"og:title\" content=\"Pompeii the immortal city - Mus\u00e9e de L&#039;Europe\" \/>\n<meta property=\"og:description\" content=\"l\u2019exposition Pompeii. The Immortal City plonge les visiteurs au c\u0153ur du drame et des ruines de la cit\u00e9 antique. Cette exp\u00e9rience immersive unique permet aux visiteurs de retourner dans le pass\u00e9 pour vivre la destruction de la cit\u00e9 et d\u00e9couvrir la vie quotidienne des habitants de l\u2019\u00e9poque.\" \/>\n<meta property=\"og:url\" content=\"https:\/\/www.museuro.eu\/en\/pompeii-2\/\" \/>\n<meta property=\"og:site_name\" content=\"Mus\u00e9e de L&#039;Europe\" \/>\n<meta property=\"article:modified_time\" content=\"2023-02-07T13:33:03+00:00\" \/>\n<meta property=\"og:image\" content=\"https:\/\/www.museuro.eu\/wp-content\/uploads\/2023\/01\/0205_pompei_media_0050.jpg\" \/>\n<meta name=\"twitter:card\" content=\"summary_large_image\" \/>\n<meta name=\"twitter:label1\" content=\"Estimated reading time\" \/>\n\t<meta name=\"twitter:data1\" content=\"2 minutes\" \/>\n<script type=\"application\/ld+json\" class=\"yoast-schema-graph\">{\"@context\":\"https:\/\/schema.org\",\"@graph\":[{\"@type\":\"WebPage\",\"@id\":\"https:\/\/www.museuro.eu\/pompeii-2\/\",\"url\":\"https:\/\/www.museuro.eu\/pompeii-2\/\",\"name\":\"Pompeii the immortal city - Mus\u00e9e de L&#039;Europe\",\"isPartOf\":{\"@id\":\"https:\/\/www.museuro.eu\/#website\"},\"primaryImageOfPage\":{\"@id\":\"https:\/\/www.museuro.eu\/pompeii-2\/#primaryimage\"},\"image\":{\"@id\":\"https:\/\/www.museuro.eu\/pompeii-2\/#primaryimage\"},\"thumbnailUrl\":\"https:\/\/www.museuro.eu\/wp-content\/uploads\/2023\/01\/0205_pompei_media_0050.jpg\",\"datePublished\":\"2022-12-21T23:20:32+00:00\",\"dateModified\":\"2023-02-07T13:33:03+00:00\",\"description\":\"l\u2019exposition Pompeii. The Immortal City plonge les visiteurs au c\u0153ur du drame et des ruines de la cit\u00e9 antique. Cette exp\u00e9rience immersive unique permet aux visiteurs de retourner dans le pass\u00e9 pour vivre la destruction de la cit\u00e9 et d\u00e9couvrir la vie quotidienne des habitants de l\u2019\u00e9poque.\",\"breadcrumb\":{\"@id\":\"https:\/\/www.museuro.eu\/pompeii-2\/#breadcrumb\"},\"inLanguage\":\"en-GB\",\"potentialAction\":[{\"@type\":\"ReadAction\",\"target\":[\"https:\/\/www.museuro.eu\/pompeii-2\/\"]}]},{\"@type\":\"ImageObject\",\"inLanguage\":\"en-GB\",\"@id\":\"https:\/\/www.museuro.eu\/pompeii-2\/#primaryimage\",\"url\":\"https:\/\/www.museuro.eu\/wp-content\/uploads\/2023\/01\/0205_pompei_media_0050.jpg\",\"contentUrl\":\"https:\/\/www.museuro.eu\/wp-content\/uploads\/2023\/01\/0205_pompei_media_0050.jpg\"},{\"@type\":\"BreadcrumbList\",\"@id\":\"https:\/\/www.museuro.eu\/pompeii-2\/#breadcrumb\",\"itemListElement\":[{\"@type\":\"ListItem\",\"position\":1,\"name\":\"Accueil\",\"item\":\"https:\/\/www.museuro.eu\/\"},{\"@type\":\"ListItem\",\"position\":2,\"name\":\"Pompeii the immortal city\"}]},{\"@type\":\"WebSite\",\"@id\":\"https:\/\/www.museuro.eu\/#website\",\"url\":\"https:\/\/www.museuro.eu\/\",\"name\":\"Mus\u00e9e de L&#039;Europe\",\"description\":\"Dans l&#039;attente d&#039;un nouveau projet\",\"publisher\":{\"@id\":\"https:\/\/www.museuro.eu\/#organization\"},\"potentialAction\":[{\"@type\":\"SearchAction\",\"target\":{\"@type\":\"EntryPoint\",\"urlTemplate\":\"https:\/\/www.museuro.eu\/?s={search_term_string}\"},\"query-input\":{\"@type\":\"PropertyValueSpecification\",\"valueRequired\":true,\"valueName\":\"search_term_string\"}}],\"inLanguage\":\"en-GB\"},{\"@type\":\"Organization\",\"@id\":\"https:\/\/www.museuro.eu\/#organization\",\"name\":\"Mus\u00e9e de L&#039;Europe\",\"url\":\"https:\/\/www.museuro.eu\/\",\"logo\":{\"@type\":\"ImageObject\",\"inLanguage\":\"en-GB\",\"@id\":\"https:\/\/www.museuro.eu\/#\/schema\/logo\/image\/\",\"url\":\"https:\/\/www.museuro.eu\/wp-content\/uploads\/2020\/06\/LOGO-TEMPORA_BLANC_23.02.2016.png\",\"contentUrl\":\"https:\/\/www.museuro.eu\/wp-content\/uploads\/2020\/06\/LOGO-TEMPORA_BLANC_23.02.2016.png\",\"width\":599,\"height\":188,\"caption\":\"Mus\u00e9e de L&#039;Europe\"},\"image\":{\"@id\":\"https:\/\/www.museuro.eu\/#\/schema\/logo\/image\/\"}}]}<\/script>\n<!-- \/ Yoast SEO plugin. -->","yoast_head_json":{"title":"Pompeii the immortal city - Mus\u00e9e de L&#039;Europe","description":"l\u2019exposition Pompeii. The Immortal City plonge les visiteurs au c\u0153ur du drame et des ruines de la cit\u00e9 antique. Cette exp\u00e9rience immersive unique permet aux visiteurs de retourner dans le pass\u00e9 pour vivre la destruction de la cit\u00e9 et d\u00e9couvrir la vie quotidienne des habitants de l\u2019\u00e9poque.","robots":{"index":"index","follow":"follow","max-snippet":"max-snippet:-1","max-image-preview":"max-image-preview:large","max-video-preview":"max-video-preview:-1"},"canonical":"https:\/\/www.museuro.eu\/en\/pompeii-2\/","og_locale":"en_GB","og_type":"article","og_title":"Pompeii the immortal city - Mus\u00e9e de L&#039;Europe","og_description":"l\u2019exposition Pompeii. The Immortal City plonge les visiteurs au c\u0153ur du drame et des ruines de la cit\u00e9 antique. Cette exp\u00e9rience immersive unique permet aux visiteurs de retourner dans le pass\u00e9 pour vivre la destruction de la cit\u00e9 et d\u00e9couvrir la vie quotidienne des habitants de l\u2019\u00e9poque.","og_url":"https:\/\/www.museuro.eu\/en\/pompeii-2\/","og_site_name":"Mus\u00e9e de L&#039;Europe","article_modified_time":"2023-02-07T13:33:03+00:00","og_image":[{"url":"https:\/\/www.museuro.eu\/wp-content\/uploads\/2023\/01\/0205_pompei_media_0050.jpg","type":"","width":"","height":""}],"twitter_card":"summary_large_image","twitter_misc":{"Estimated reading time":"2 minutes"},"schema":{"@context":"https:\/\/schema.org","@graph":[{"@type":"WebPage","@id":"https:\/\/www.museuro.eu\/pompeii-2\/","url":"https:\/\/www.museuro.eu\/pompeii-2\/","name":"Pompeii the immortal city - Mus\u00e9e de L&#039;Europe","isPartOf":{"@id":"https:\/\/www.museuro.eu\/#website"},"primaryImageOfPage":{"@id":"https:\/\/www.museuro.eu\/pompeii-2\/#primaryimage"},"image":{"@id":"https:\/\/www.museuro.eu\/pompeii-2\/#primaryimage"},"thumbnailUrl":"https:\/\/www.museuro.eu\/wp-content\/uploads\/2023\/01\/0205_pompei_media_0050.jpg","datePublished":"2022-12-21T23:20:32+00:00","dateModified":"2023-02-07T13:33:03+00:00","description":"l\u2019exposition Pompeii. The Immortal City plonge les visiteurs au c\u0153ur du drame et des ruines de la cit\u00e9 antique. Cette exp\u00e9rience immersive unique permet aux visiteurs de retourner dans le pass\u00e9 pour vivre la destruction de la cit\u00e9 et d\u00e9couvrir la vie quotidienne des habitants de l\u2019\u00e9poque.","breadcrumb":{"@id":"https:\/\/www.museuro.eu\/pompeii-2\/#breadcrumb"},"inLanguage":"en-GB","potentialAction":[{"@type":"ReadAction","target":["https:\/\/www.museuro.eu\/pompeii-2\/"]}]},{"@type":"ImageObject","inLanguage":"en-GB","@id":"https:\/\/www.museuro.eu\/pompeii-2\/#primaryimage","url":"https:\/\/www.museuro.eu\/wp-content\/uploads\/2023\/01\/0205_pompei_media_0050.jpg","contentUrl":"https:\/\/www.museuro.eu\/wp-content\/uploads\/2023\/01\/0205_pompei_media_0050.jpg"},{"@type":"BreadcrumbList","@id":"https:\/\/www.museuro.eu\/pompeii-2\/#breadcrumb","itemListElement":[{"@type":"ListItem","position":1,"name":"Accueil","item":"https:\/\/www.museuro.eu\/"},{"@type":"ListItem","position":2,"name":"Pompeii the immortal city"}]},{"@type":"WebSite","@id":"https:\/\/www.museuro.eu\/#website","url":"https:\/\/www.museuro.eu\/","name":"Mus\u00e9e de L&#039;Europe","description":"Dans l&#039;attente d&#039;un nouveau projet","publisher":{"@id":"https:\/\/www.museuro.eu\/#organization"},"potentialAction":[{"@type":"SearchAction","target":{"@type":"EntryPoint","urlTemplate":"https:\/\/www.museuro.eu\/?s={search_term_string}"},"query-input":{"@type":"PropertyValueSpecification","valueRequired":true,"valueName":"search_term_string"}}],"inLanguage":"en-GB"},{"@type":"Organization","@id":"https:\/\/www.museuro.eu\/#organization","name":"Mus\u00e9e de L&#039;Europe","url":"https:\/\/www.museuro.eu\/","logo":{"@type":"ImageObject","inLanguage":"en-GB","@id":"https:\/\/www.museuro.eu\/#\/schema\/logo\/image\/","url":"https:\/\/www.museuro.eu\/wp-content\/uploads\/2020\/06\/LOGO-TEMPORA_BLANC_23.02.2016.png","contentUrl":"https:\/\/www.museuro.eu\/wp-content\/uploads\/2020\/06\/LOGO-TEMPORA_BLANC_23.02.2016.png","width":599,"height":188,"caption":"Mus\u00e9e de L&#039;Europe"},"image":{"@id":"https:\/\/www.museuro.eu\/#\/schema\/logo\/image\/"}}]}},"_links":{"self":[{"href":"http:\/\/www.museuro.eu\/en\/wp-json\/wp\/v2\/pages\/3030","targetHints":{"allow":["GET"]}}],"collection":[{"href":"http:\/\/www.museuro.eu\/en\/wp-json\/wp\/v2\/pages"}],"about":[{"href":"http:\/\/www.museuro.eu\/en\/wp-json\/wp\/v2\/types\/page"}],"author":[{"embeddable":true,"href":"http:\/\/www.museuro.eu\/en\/wp-json\/wp\/v2\/users\/3"}],"replies":[{"embeddable":true,"href":"http:\/\/www.museuro.eu\/en\/wp-json\/wp\/v2\/comments?post=3030"}],"version-history":[{"count":54,"href":"http:\/\/www.museuro.eu\/en\/wp-json\/wp\/v2\/pages\/3030\/revisions"}],"predecessor-version":[{"id":4960,"href":"http:\/\/www.museuro.eu\/en\/wp-json\/wp\/v2\/pages\/3030\/revisions\/4960"}],"wp:attachment":[{"href":"http:\/\/www.museuro.eu\/en\/wp-json\/wp\/v2\/media?parent=3030"}],"curies":[{"name":"wp","href":"https:\/\/api.w.org\/{rel}","templated":true}]}}