{"id":3036,"date":"2022-12-22T00:25:04","date_gmt":"2022-12-21T23:25:04","guid":{"rendered":"http:\/\/www.museuro.eu\/?page_id=3036"},"modified":"2023-02-01T18:05:32","modified_gmt":"2023-02-01T17:05:32","slug":"dieux-mode-demploi","status":"publish","type":"page","link":"http:\/\/www.museuro.eu\/en\/dieux-mode-demploi\/","title":{"rendered":"Dieu(x) mode d&#8217;emploi"},"content":{"rendered":"<div data-elementor-type=\"wp-page\" data-elementor-id=\"3036\" class=\"elementor elementor-3036\">\n\t\t\t\t\t\t<section class=\"elementor-section elementor-top-section elementor-element elementor-element-e5f8722 elementor-section-height-min-height elementor-section-boxed elementor-section-height-default elementor-section-items-middle\" data-id=\"e5f8722\" data-element_type=\"section\" data-settings=\"{&quot;background_background&quot;:&quot;classic&quot;}\">\n\t\t\t\t\t\t<div class=\"elementor-container elementor-column-gap-default\">\n\t\t\t\t\t<div class=\"elementor-column elementor-col-100 elementor-top-column elementor-element elementor-element-1ff7487\" data-id=\"1ff7487\" data-element_type=\"column\">\n\t\t\t<div class=\"elementor-widget-wrap elementor-element-populated\">\n\t\t\t\t\t\t<div class=\"elementor-element elementor-element-56881f4 elementor-widget elementor-widget-heading\" data-id=\"56881f4\" data-element_type=\"widget\" data-widget_type=\"heading.default\">\n\t\t\t\t<div class=\"elementor-widget-container\">\n\t\t\t<h1 class=\"elementor-heading-title elementor-size-default\">Dieu(x)<\/h1>\t\t<\/div>\n\t\t\t\t<\/div>\n\t\t\t\t<div class=\"elementor-element elementor-element-f921034 elementor-widget elementor-widget-heading\" data-id=\"f921034\" data-element_type=\"widget\" data-widget_type=\"heading.default\">\n\t\t\t\t<div class=\"elementor-widget-container\">\n\t\t\t<h2 class=\"elementor-heading-title elementor-size-default\">Modes d'emploi<\/h2>\t\t<\/div>\n\t\t\t\t<\/div>\n\t\t\t\t\t<\/div>\n\t\t<\/div>\n\t\t\t\t\t<\/div>\n\t\t<\/section>\n\t\t\t\t<section class=\"elementor-section elementor-top-section elementor-element elementor-element-0fc215f elementor-section-boxed elementor-section-height-default elementor-section-height-default\" data-id=\"0fc215f\" data-element_type=\"section\" data-settings=\"{&quot;background_background&quot;:&quot;classic&quot;}\">\n\t\t\t\t\t\t<div class=\"elementor-container elementor-column-gap-default\">\n\t\t\t\t\t<div class=\"elementor-column elementor-col-100 elementor-top-column elementor-element elementor-element-600f430\" data-id=\"600f430\" data-element_type=\"column\">\n\t\t\t<div class=\"elementor-widget-wrap elementor-element-populated\">\n\t\t\t\t\t\t<div class=\"elementor-element elementor-element-58c30a6 elementor-widget elementor-widget-spacer\" data-id=\"58c30a6\" data-element_type=\"widget\" data-widget_type=\"spacer.default\">\n\t\t\t\t<div class=\"elementor-widget-container\">\n\t\t\t\t\t<div class=\"elementor-spacer\">\n\t\t\t<div class=\"elementor-spacer-inner\"><\/div>\n\t\t<\/div>\n\t\t\t\t<\/div>\n\t\t\t\t<\/div>\n\t\t\t\t\t<\/div>\n\t\t<\/div>\n\t\t\t\t\t<\/div>\n\t\t<\/section>\n\t\t\t\t<section class=\"elementor-section elementor-top-section elementor-element elementor-element-55cada0 elementor-section-boxed elementor-section-height-default elementor-section-height-default\" data-id=\"55cada0\" data-element_type=\"section\" data-settings=\"{&quot;background_background&quot;:&quot;classic&quot;}\">\n\t\t\t\t\t\t<div class=\"elementor-container elementor-column-gap-default\">\n\t\t\t\t\t<div class=\"elementor-column elementor-col-50 elementor-top-column elementor-element elementor-element-4784043\" data-id=\"4784043\" data-element_type=\"column\">\n\t\t\t<div class=\"elementor-widget-wrap elementor-element-populated\">\n\t\t\t\t\t\t<div class=\"elementor-element elementor-element-387f573 elementor-widget elementor-widget-image\" data-id=\"387f573\" data-element_type=\"widget\" data-widget_type=\"image.default\">\n\t\t\t\t<div class=\"elementor-widget-container\">\n\t\t\t\t\t\t\t\t\t\t\t\t\t<img fetchpriority=\"high\" decoding=\"async\" width=\"768\" height=\"521\" src=\"https:\/\/www.museuro.eu\/wp-content\/uploads\/2023\/01\/Dieux_mode_emploi_8534-e1672911863287-768x521.jpg\" class=\"attachment-medium_large size-medium_large wp-image-3290\" alt=\"\" srcset=\"https:\/\/www.museuro.eu\/wp-content\/uploads\/2023\/01\/Dieux_mode_emploi_8534-e1672911863287-768x521.jpg 768w, https:\/\/www.museuro.eu\/wp-content\/uploads\/2023\/01\/Dieux_mode_emploi_8534-e1672911863287-300x204.jpg 300w, https:\/\/www.museuro.eu\/wp-content\/uploads\/2023\/01\/Dieux_mode_emploi_8534-e1672911863287-1024x695.jpg 1024w, https:\/\/www.museuro.eu\/wp-content\/uploads\/2023\/01\/Dieux_mode_emploi_8534-e1672911863287-18x12.jpg 18w, https:\/\/www.museuro.eu\/wp-content\/uploads\/2023\/01\/Dieux_mode_emploi_8534-e1672911863287.jpg 1064w\" sizes=\"(max-width: 768px) 100vw, 768px\" \/>\t\t\t\t\t\t\t\t\t\t\t\t\t<\/div>\n\t\t\t\t<\/div>\n\t\t\t\t<div class=\"elementor-element elementor-element-ec93e5c elementor-widget elementor-widget-image\" data-id=\"ec93e5c\" data-element_type=\"widget\" data-widget_type=\"image.default\">\n\t\t\t\t<div class=\"elementor-widget-container\">\n\t\t\t\t\t\t\t\t\t\t\t\t\t<img decoding=\"async\" width=\"1024\" height=\"695\" src=\"https:\/\/www.museuro.eu\/wp-content\/uploads\/2023\/01\/Dieux_mode_emploi_8428-1-1024x695.jpg\" class=\"attachment-large size-large wp-image-3296\" alt=\"\" srcset=\"https:\/\/www.museuro.eu\/wp-content\/uploads\/2023\/01\/Dieux_mode_emploi_8428-1-1024x695.jpg 1024w, https:\/\/www.museuro.eu\/wp-content\/uploads\/2023\/01\/Dieux_mode_emploi_8428-1-300x203.jpg 300w, https:\/\/www.museuro.eu\/wp-content\/uploads\/2023\/01\/Dieux_mode_emploi_8428-1-768x521.jpg 768w, https:\/\/www.museuro.eu\/wp-content\/uploads\/2023\/01\/Dieux_mode_emploi_8428-1-18x12.jpg 18w, https:\/\/www.museuro.eu\/wp-content\/uploads\/2023\/01\/Dieux_mode_emploi_8428-1.jpg 1060w\" sizes=\"(max-width: 1024px) 100vw, 1024px\" \/>\t\t\t\t\t\t\t\t\t\t\t\t\t<\/div>\n\t\t\t\t<\/div>\n\t\t\t\t\t<\/div>\n\t\t<\/div>\n\t\t\t\t<div class=\"elementor-column elementor-col-50 elementor-top-column elementor-element elementor-element-b75b1d4\" data-id=\"b75b1d4\" data-element_type=\"column\">\n\t\t\t<div class=\"elementor-widget-wrap elementor-element-populated\">\n\t\t\t\t\t\t<div class=\"elementor-element elementor-element-24fcbb8 elementor-widget elementor-widget-text-editor\" data-id=\"24fcbb8\" data-element_type=\"widget\" data-widget_type=\"text-editor.default\">\n\t\t\t\t<div class=\"elementor-widget-container\">\n\t\t\t\t\t\t\t<p><span style=\"font-family: var( --e-global-typography-text-font-family ), Sans-serif; font-weight: var( --e-global-typography-text-font-weight );\">Plus qu\u2019une exposition, Dieu(x) Mode d\u2019emploi est un v\u00e9ritable voyage \u00e9ducatif et sensoriel autour d\u2019un sujet consid\u00e9r\u00e9 comme tabou, mais qui fait partie int\u00e9grante de l\u2019histoire de l\u2019Humanit\u00e9 et dans ce cas-ci particuli\u00e8rement, de l\u2019histoire de l\u2019Europe\u00a0: les religions.<\/span><\/p><p><span style=\"font-family: var( --e-global-typography-text-font-family ), Sans-serif; font-weight: var( --e-global-typography-text-font-weight );\">Elle condense plusieurs th\u00e8mes principaux li\u00e9s \u00e0 la religion tels que les divinit\u00e9s, les rites, le culte ou encore l\u2019au-del\u00e0 par le biais d\u2019un contenu riche qui combine \u0153uvres d\u2019art anciennes et contemporaines, installations multim\u00e9dia et sc\u00e9nographiques, exposition de costumes ou encore pi\u00e8ce de th\u00e9\u00e2tre\u2026 Autant dans son contenu que dans sa pr\u00e9sentation, Dieu(x) Modes d\u2019Emploi a voulu cr\u00e9er une exp\u00e9rience de visite totalement immersive. <br \/>Elle permet une compr\u00e9hension de l\u2019universalit\u00e9 des questionnements religieux et la diversit\u00e9 des r\u00e9ponses apport\u00e9es par les diff\u00e9rentes confessions.<\/span><\/p><p>Exposition auto-produite et itin\u00e9rante, Dieu(x) Mode d\u2019emploi a conquis plusieurs publics europ\u00e9ens dans des institutions vari\u00e9es (mus\u00e9es d&rsquo;art, d&rsquo;ethnologie, d&rsquo;anthropologie) en d\u00e9marrant sa tourn\u00e9e \u00e0 Bruxelles en 2006 et Madrid et en terminant \u00e0 Varsovie, Paris et Gen\u00e8ve, mais aussi des publics internationaux en traversant l\u2019Atlantique pour \u00eatre pr\u00e9sent\u00e9e \u00e0 Ottawa et Qu\u00e9bec. On compte plus de 600 000 visiteurs pour ce projet.<\/p>\t\t\t\t\t\t<\/div>\n\t\t\t\t<\/div>\n\t\t\t\t<div class=\"elementor-element elementor-element-20f96e3 elementor-widget elementor-widget-text-editor\" data-id=\"20f96e3\" data-element_type=\"widget\" data-widget_type=\"text-editor.default\">\n\t\t\t\t<div class=\"elementor-widget-container\">\n\t\t\t<style>.elementor-element-20f96e3{display:none !important}<\/style>\t\t<\/div>\n\t\t\t\t<\/div>\n\t\t\t\t\t<\/div>\n\t\t<\/div>\n\t\t\t\t\t<\/div>\n\t\t<\/section>\n\t\t\t\t<section class=\"elementor-section elementor-top-section elementor-element elementor-element-2cb0921 elementor-section-boxed elementor-section-height-default elementor-section-height-default\" data-id=\"2cb0921\" data-element_type=\"section\" data-settings=\"{&quot;background_background&quot;:&quot;classic&quot;}\">\n\t\t\t\t\t\t<div class=\"elementor-container elementor-column-gap-default\">\n\t\t\t\t\t<div class=\"elementor-column elementor-col-100 elementor-top-column elementor-element elementor-element-21681a1\" data-id=\"21681a1\" data-element_type=\"column\">\n\t\t\t<div class=\"elementor-widget-wrap elementor-element-populated\">\n\t\t\t\t\t\t<div class=\"elementor-element elementor-element-e50d93d elementor-widget elementor-widget-spacer\" data-id=\"e50d93d\" data-element_type=\"widget\" data-widget_type=\"spacer.default\">\n\t\t\t\t<div class=\"elementor-widget-container\">\n\t\t\t\t\t<div class=\"elementor-spacer\">\n\t\t\t<div class=\"elementor-spacer-inner\"><\/div>\n\t\t<\/div>\n\t\t\t\t<\/div>\n\t\t\t\t<\/div>\n\t\t\t\t<div class=\"elementor-element elementor-element-b8dcbdd elementor-widget elementor-widget-heading\" data-id=\"b8dcbdd\" data-element_type=\"widget\" data-widget_type=\"heading.default\">\n\t\t\t\t<div class=\"elementor-widget-container\">\n\t\t\t<h2 class=\"elementor-heading-title elementor-size-default\">LES MUS\u00c9ES ET INSTITUTIONS PR\u00caTEUSES<\/h2>\t\t<\/div>\n\t\t\t\t<\/div>\n\t\t\t\t<div class=\"elementor-element elementor-element-690c36a elementor-widget elementor-widget-text-editor\" data-id=\"690c36a\" data-element_type=\"widget\" data-widget_type=\"text-editor.default\">\n\t\t\t\t<div class=\"elementor-widget-container\">\n\t\t\t\t\t\t\t<p>Mus\u00e9e des Confluences, Lyon \u2013 Nationaal Museum van Wereldculturen \u2013 Tropen Museum, Amsterdam \u2013 Nationaal Museum van Wereldculturen \u2013 Museum Volkenkunde, Leiden \u2013 Mus\u00e9e Barbier-Mueller, Gen\u00e8ve \u2013 J\u00fcdisches Museum der Schweiz, Basel \u2013 Museum Rietberg, Zurich \u2013 National Swiss Museum, Zurich \u2013 Mus\u00e9e International de la R\u00e9forme, Gen\u00e8ve \u2013 CarCob, Bruxelles \u2013 Museum der Kulturen Basel \u2013 Haus der Geschichte der Bundesrepublik \u2013Deutschland, Bonn \u2013 Mus\u00e9e d\u2019Ethnographie de Neuch\u00e2tel \u2013 Cath\u00e9drale d\u2019Evry \u2013 F\u00e9ro\u00e9 architectes, Gen\u00e8ve \u2013 Synagogue Beith GIL, Gen\u00e8ve \u2013 Mus\u00e9e Alexis Forel, Morges \u2013 Biblioth\u00e8que de Gen\u00e8ve \u2013 Mus\u00e9e de l\u2019Europe, Bruxelles \u2013 Collectionneur priv\u00e9 \u2013 Mamco \u2013 Naji Kamouche<br><\/p>\t\t\t\t\t\t<\/div>\n\t\t\t\t<\/div>\n\t\t\t\t<div class=\"elementor-element elementor-element-1fa4e4c elementor-widget elementor-widget-spacer\" data-id=\"1fa4e4c\" data-element_type=\"widget\" data-widget_type=\"spacer.default\">\n\t\t\t\t<div class=\"elementor-widget-container\">\n\t\t\t\t\t<div class=\"elementor-spacer\">\n\t\t\t<div class=\"elementor-spacer-inner\"><\/div>\n\t\t<\/div>\n\t\t\t\t<\/div>\n\t\t\t\t<\/div>\n\t\t\t\t\t<\/div>\n\t\t<\/div>\n\t\t\t\t\t<\/div>\n\t\t<\/section>\n\t\t\t\t<\/div>","protected":false},"excerpt":{"rendered":"<p>Dieu(x) Modes d&#8217;emploi Plus qu\u2019une exposition, Dieu(x) Mode d\u2019emploi est un v\u00e9ritable voyage \u00e9ducatif et sensoriel autour d\u2019un sujet consid\u00e9r\u00e9 comme tabou, mais qui fait partie int\u00e9grante de l\u2019histoire de l\u2019Humanit\u00e9 et dans ce cas-ci particuli\u00e8rement, de l\u2019histoire de l\u2019Europe\u00a0: les religions. Elle condense plusieurs th\u00e8mes principaux li\u00e9s \u00e0 la religion tels que les divinit\u00e9s,&hellip;&nbsp;<a href=\"http:\/\/www.museuro.eu\/en\/dieux-mode-demploi\/\" rel=\"bookmark\">Read More &raquo;<span class=\"screen-reader-text\">Dieu(x) mode d&#8217;emploi<\/span><\/a><\/p>","protected":false},"author":3,"featured_media":0,"parent":0,"menu_order":0,"comment_status":"closed","ping_status":"closed","template":"page-templates\/template-pagebuilder-full-width.php","meta":{"neve_meta_sidebar":"full-width","neve_meta_container":"","neve_meta_enable_content_width":"on","neve_meta_content_width":100,"neve_meta_title_alignment":"","neve_meta_author_avatar":"","neve_post_elements_order":"","neve_meta_disable_header":"","neve_meta_disable_footer":"","neve_meta_disable_title":"","footnotes":""},"class_list":["post-3036","page","type-page","status-publish","hentry"],"yoast_head":"<!-- This site is optimized with the Yoast SEO plugin v24.0 - https:\/\/yoast.com\/wordpress\/plugins\/seo\/ -->\n<title>Dieu(x) mode d&#039;emploi - Mus\u00e9e de L&#039;Europe<\/title>\n<meta name=\"description\" content=\"Plus qu\u2019une exposition, Dieu(x) Mode d\u2019emploi est un v\u00e9ritable voyage \u00e9ducatif et sensoriel autour d\u2019un sujet consid\u00e9r\u00e9 comme tabou, mais qui fait partie int\u00e9grante de l\u2019histoire de l\u2019Humanit\u00e9 et dans ce cas-ci particuli\u00e8rement, de l\u2019histoire de l\u2019Europe : les religions.\" \/>\n<meta name=\"robots\" content=\"index, follow, max-snippet:-1, max-image-preview:large, max-video-preview:-1\" \/>\n<link rel=\"canonical\" href=\"https:\/\/www.museuro.eu\/en\/dieux-mode-demploi\/\" \/>\n<meta property=\"og:locale\" content=\"en_GB\" \/>\n<meta property=\"og:type\" content=\"article\" \/>\n<meta property=\"og:title\" content=\"Dieu(x) mode d&#039;emploi - Mus\u00e9e de L&#039;Europe\" \/>\n<meta property=\"og:description\" content=\"Plus qu\u2019une exposition, Dieu(x) Mode d\u2019emploi est un v\u00e9ritable voyage \u00e9ducatif et sensoriel autour d\u2019un sujet consid\u00e9r\u00e9 comme tabou, mais qui fait partie int\u00e9grante de l\u2019histoire de l\u2019Humanit\u00e9 et dans ce cas-ci particuli\u00e8rement, de l\u2019histoire de l\u2019Europe : les religions.\" \/>\n<meta property=\"og:url\" content=\"https:\/\/www.museuro.eu\/en\/dieux-mode-demploi\/\" \/>\n<meta property=\"og:site_name\" content=\"Mus\u00e9e de L&#039;Europe\" \/>\n<meta property=\"article:modified_time\" content=\"2023-02-01T17:05:32+00:00\" \/>\n<meta property=\"og:image\" content=\"https:\/\/www.museuro.eu\/wp-content\/uploads\/2023\/01\/Dieux_mode_emploi_8534-e1672911863287-768x521.jpg\" \/>\n<meta name=\"twitter:card\" content=\"summary_large_image\" \/>\n<meta name=\"twitter:label1\" content=\"Estimated reading time\" \/>\n\t<meta name=\"twitter:data1\" content=\"2 minutes\" \/>\n<script type=\"application\/ld+json\" class=\"yoast-schema-graph\">{\"@context\":\"https:\/\/schema.org\",\"@graph\":[{\"@type\":\"WebPage\",\"@id\":\"https:\/\/www.museuro.eu\/dieux-mode-demploi\/\",\"url\":\"https:\/\/www.museuro.eu\/dieux-mode-demploi\/\",\"name\":\"Dieu(x) mode d'emploi - Mus\u00e9e de L&#039;Europe\",\"isPartOf\":{\"@id\":\"https:\/\/www.museuro.eu\/#website\"},\"primaryImageOfPage\":{\"@id\":\"https:\/\/www.museuro.eu\/dieux-mode-demploi\/#primaryimage\"},\"image\":{\"@id\":\"https:\/\/www.museuro.eu\/dieux-mode-demploi\/#primaryimage\"},\"thumbnailUrl\":\"https:\/\/www.museuro.eu\/wp-content\/uploads\/2023\/01\/Dieux_mode_emploi_8534-e1672911863287-768x521.jpg\",\"datePublished\":\"2022-12-21T23:25:04+00:00\",\"dateModified\":\"2023-02-01T17:05:32+00:00\",\"description\":\"Plus qu\u2019une exposition, Dieu(x) Mode d\u2019emploi est un v\u00e9ritable voyage \u00e9ducatif et sensoriel autour d\u2019un sujet consid\u00e9r\u00e9 comme tabou, mais qui fait partie int\u00e9grante de l\u2019histoire de l\u2019Humanit\u00e9 et dans ce cas-ci particuli\u00e8rement, de l\u2019histoire de l\u2019Europe : les religions.\",\"breadcrumb\":{\"@id\":\"https:\/\/www.museuro.eu\/dieux-mode-demploi\/#breadcrumb\"},\"inLanguage\":\"en-GB\",\"potentialAction\":[{\"@type\":\"ReadAction\",\"target\":[\"https:\/\/www.museuro.eu\/dieux-mode-demploi\/\"]}]},{\"@type\":\"ImageObject\",\"inLanguage\":\"en-GB\",\"@id\":\"https:\/\/www.museuro.eu\/dieux-mode-demploi\/#primaryimage\",\"url\":\"https:\/\/www.museuro.eu\/wp-content\/uploads\/2023\/01\/Dieux_mode_emploi_8534-e1672911863287-768x521.jpg\",\"contentUrl\":\"https:\/\/www.museuro.eu\/wp-content\/uploads\/2023\/01\/Dieux_mode_emploi_8534-e1672911863287-768x521.jpg\"},{\"@type\":\"BreadcrumbList\",\"@id\":\"https:\/\/www.museuro.eu\/dieux-mode-demploi\/#breadcrumb\",\"itemListElement\":[{\"@type\":\"ListItem\",\"position\":1,\"name\":\"Accueil\",\"item\":\"https:\/\/www.museuro.eu\/\"},{\"@type\":\"ListItem\",\"position\":2,\"name\":\"Dieu(x) mode d&#8217;emploi\"}]},{\"@type\":\"WebSite\",\"@id\":\"https:\/\/www.museuro.eu\/#website\",\"url\":\"https:\/\/www.museuro.eu\/\",\"name\":\"Mus\u00e9e de L&#039;Europe\",\"description\":\"Dans l&#039;attente d&#039;un nouveau projet\",\"publisher\":{\"@id\":\"https:\/\/www.museuro.eu\/#organization\"},\"potentialAction\":[{\"@type\":\"SearchAction\",\"target\":{\"@type\":\"EntryPoint\",\"urlTemplate\":\"https:\/\/www.museuro.eu\/?s={search_term_string}\"},\"query-input\":{\"@type\":\"PropertyValueSpecification\",\"valueRequired\":true,\"valueName\":\"search_term_string\"}}],\"inLanguage\":\"en-GB\"},{\"@type\":\"Organization\",\"@id\":\"https:\/\/www.museuro.eu\/#organization\",\"name\":\"Mus\u00e9e de L&#039;Europe\",\"url\":\"https:\/\/www.museuro.eu\/\",\"logo\":{\"@type\":\"ImageObject\",\"inLanguage\":\"en-GB\",\"@id\":\"https:\/\/www.museuro.eu\/#\/schema\/logo\/image\/\",\"url\":\"https:\/\/www.museuro.eu\/wp-content\/uploads\/2020\/06\/LOGO-TEMPORA_BLANC_23.02.2016.png\",\"contentUrl\":\"https:\/\/www.museuro.eu\/wp-content\/uploads\/2020\/06\/LOGO-TEMPORA_BLANC_23.02.2016.png\",\"width\":599,\"height\":188,\"caption\":\"Mus\u00e9e de L&#039;Europe\"},\"image\":{\"@id\":\"https:\/\/www.museuro.eu\/#\/schema\/logo\/image\/\"}}]}<\/script>\n<!-- \/ Yoast SEO plugin. -->","yoast_head_json":{"title":"Dieu(x) mode d'emploi - Mus\u00e9e de L&#039;Europe","description":"Plus qu\u2019une exposition, Dieu(x) Mode d\u2019emploi est un v\u00e9ritable voyage \u00e9ducatif et sensoriel autour d\u2019un sujet consid\u00e9r\u00e9 comme tabou, mais qui fait partie int\u00e9grante de l\u2019histoire de l\u2019Humanit\u00e9 et dans ce cas-ci particuli\u00e8rement, de l\u2019histoire de l\u2019Europe : les religions.","robots":{"index":"index","follow":"follow","max-snippet":"max-snippet:-1","max-image-preview":"max-image-preview:large","max-video-preview":"max-video-preview:-1"},"canonical":"https:\/\/www.museuro.eu\/en\/dieux-mode-demploi\/","og_locale":"en_GB","og_type":"article","og_title":"Dieu(x) mode d'emploi - Mus\u00e9e de L&#039;Europe","og_description":"Plus qu\u2019une exposition, Dieu(x) Mode d\u2019emploi est un v\u00e9ritable voyage \u00e9ducatif et sensoriel autour d\u2019un sujet consid\u00e9r\u00e9 comme tabou, mais qui fait partie int\u00e9grante de l\u2019histoire de l\u2019Humanit\u00e9 et dans ce cas-ci particuli\u00e8rement, de l\u2019histoire de l\u2019Europe : les religions.","og_url":"https:\/\/www.museuro.eu\/en\/dieux-mode-demploi\/","og_site_name":"Mus\u00e9e de L&#039;Europe","article_modified_time":"2023-02-01T17:05:32+00:00","og_image":[{"url":"https:\/\/www.museuro.eu\/wp-content\/uploads\/2023\/01\/Dieux_mode_emploi_8534-e1672911863287-768x521.jpg","type":"","width":"","height":""}],"twitter_card":"summary_large_image","twitter_misc":{"Estimated reading time":"2 minutes"},"schema":{"@context":"https:\/\/schema.org","@graph":[{"@type":"WebPage","@id":"https:\/\/www.museuro.eu\/dieux-mode-demploi\/","url":"https:\/\/www.museuro.eu\/dieux-mode-demploi\/","name":"Dieu(x) mode d'emploi - Mus\u00e9e de L&#039;Europe","isPartOf":{"@id":"https:\/\/www.museuro.eu\/#website"},"primaryImageOfPage":{"@id":"https:\/\/www.museuro.eu\/dieux-mode-demploi\/#primaryimage"},"image":{"@id":"https:\/\/www.museuro.eu\/dieux-mode-demploi\/#primaryimage"},"thumbnailUrl":"https:\/\/www.museuro.eu\/wp-content\/uploads\/2023\/01\/Dieux_mode_emploi_8534-e1672911863287-768x521.jpg","datePublished":"2022-12-21T23:25:04+00:00","dateModified":"2023-02-01T17:05:32+00:00","description":"Plus qu\u2019une exposition, Dieu(x) Mode d\u2019emploi est un v\u00e9ritable voyage \u00e9ducatif et sensoriel autour d\u2019un sujet consid\u00e9r\u00e9 comme tabou, mais qui fait partie int\u00e9grante de l\u2019histoire de l\u2019Humanit\u00e9 et dans ce cas-ci particuli\u00e8rement, de l\u2019histoire de l\u2019Europe : les religions.","breadcrumb":{"@id":"https:\/\/www.museuro.eu\/dieux-mode-demploi\/#breadcrumb"},"inLanguage":"en-GB","potentialAction":[{"@type":"ReadAction","target":["https:\/\/www.museuro.eu\/dieux-mode-demploi\/"]}]},{"@type":"ImageObject","inLanguage":"en-GB","@id":"https:\/\/www.museuro.eu\/dieux-mode-demploi\/#primaryimage","url":"https:\/\/www.museuro.eu\/wp-content\/uploads\/2023\/01\/Dieux_mode_emploi_8534-e1672911863287-768x521.jpg","contentUrl":"https:\/\/www.museuro.eu\/wp-content\/uploads\/2023\/01\/Dieux_mode_emploi_8534-e1672911863287-768x521.jpg"},{"@type":"BreadcrumbList","@id":"https:\/\/www.museuro.eu\/dieux-mode-demploi\/#breadcrumb","itemListElement":[{"@type":"ListItem","position":1,"name":"Accueil","item":"https:\/\/www.museuro.eu\/"},{"@type":"ListItem","position":2,"name":"Dieu(x) mode d&#8217;emploi"}]},{"@type":"WebSite","@id":"https:\/\/www.museuro.eu\/#website","url":"https:\/\/www.museuro.eu\/","name":"Mus\u00e9e de L&#039;Europe","description":"Dans l&#039;attente d&#039;un nouveau projet","publisher":{"@id":"https:\/\/www.museuro.eu\/#organization"},"potentialAction":[{"@type":"SearchAction","target":{"@type":"EntryPoint","urlTemplate":"https:\/\/www.museuro.eu\/?s={search_term_string}"},"query-input":{"@type":"PropertyValueSpecification","valueRequired":true,"valueName":"search_term_string"}}],"inLanguage":"en-GB"},{"@type":"Organization","@id":"https:\/\/www.museuro.eu\/#organization","name":"Mus\u00e9e de L&#039;Europe","url":"https:\/\/www.museuro.eu\/","logo":{"@type":"ImageObject","inLanguage":"en-GB","@id":"https:\/\/www.museuro.eu\/#\/schema\/logo\/image\/","url":"https:\/\/www.museuro.eu\/wp-content\/uploads\/2020\/06\/LOGO-TEMPORA_BLANC_23.02.2016.png","contentUrl":"https:\/\/www.museuro.eu\/wp-content\/uploads\/2020\/06\/LOGO-TEMPORA_BLANC_23.02.2016.png","width":599,"height":188,"caption":"Mus\u00e9e de L&#039;Europe"},"image":{"@id":"https:\/\/www.museuro.eu\/#\/schema\/logo\/image\/"}}]}},"_links":{"self":[{"href":"http:\/\/www.museuro.eu\/en\/wp-json\/wp\/v2\/pages\/3036","targetHints":{"allow":["GET"]}}],"collection":[{"href":"http:\/\/www.museuro.eu\/en\/wp-json\/wp\/v2\/pages"}],"about":[{"href":"http:\/\/www.museuro.eu\/en\/wp-json\/wp\/v2\/types\/page"}],"author":[{"embeddable":true,"href":"http:\/\/www.museuro.eu\/en\/wp-json\/wp\/v2\/users\/3"}],"replies":[{"embeddable":true,"href":"http:\/\/www.museuro.eu\/en\/wp-json\/wp\/v2\/comments?post=3036"}],"version-history":[{"count":83,"href":"http:\/\/www.museuro.eu\/en\/wp-json\/wp\/v2\/pages\/3036\/revisions"}],"predecessor-version":[{"id":4941,"href":"http:\/\/www.museuro.eu\/en\/wp-json\/wp\/v2\/pages\/3036\/revisions\/4941"}],"wp:attachment":[{"href":"http:\/\/www.museuro.eu\/en\/wp-json\/wp\/v2\/media?parent=3036"}],"curies":[{"name":"wp","href":"https:\/\/api.w.org\/{rel}","templated":true}]}}